{"id":25,"date":"2021-10-27T10:00:54","date_gmt":"2021-10-27T10:00:54","guid":{"rendered":"http:\/\/thecuriouskind.band\/?page_id=25"},"modified":"2025-03-14T21:55:30","modified_gmt":"2025-03-14T20:55:30","slug":"the-curious-kind","status":"publish","type":"page","link":"https:\/\/thecuriouskind.band\/","title":{"rendered":"TCK"},"content":{"rendered":"\n<ul class=\"wp-block-social-links aligncenter has-large-icon-size has-icon-color is-style-logos-only is-horizontal is-content-justification-center is-layout-flex wp-container-core-social-links-is-layout-1 wp-block-social-links-is-layout-flex\"><li style=\"color: #000000; \" class=\"wp-social-link wp-social-link-spotify has-black-color wp-block-social-link\"><a rel=\"noopener nofollow\" target=\"_blank\" href=\"https:\/\/open.spotify.com\/artist\/34aa2d2cneVFMFk0HvBynz\" class=\"wp-block-social-link-anchor\"><svg width=\"24\" height=\"24\" viewBox=\"0 0 24 24\" version=\"1.1\" xmlns=\"http:\/\/www.w3.org\/2000\/svg\" aria-hidden=\"true\" focusable=\"false\"><path d=\"M12,2C6.477,2,2,6.477,2,12c0,5.523,4.477,10,10,10c5.523,0,10-4.477,10-10C22,6.477,17.523,2,12,2 M16.586,16.424 c-0.18,0.295-0.563,0.387-0.857,0.207c-2.348-1.435-5.304-1.76-8.785-0.964c-0.335,0.077-0.67-0.133-0.746-0.469 c-0.077-0.335,0.132-0.67,0.469-0.746c3.809-0.871,7.077-0.496,9.713,1.115C16.673,15.746,16.766,16.13,16.586,16.424 M17.81,13.7 c-0.226,0.367-0.706,0.482-1.072,0.257c-2.687-1.652-6.785-2.131-9.965-1.166C6.36,12.917,5.925,12.684,5.8,12.273 C5.675,11.86,5.908,11.425,6.32,11.3c3.632-1.102,8.147-0.568,11.234,1.328C17.92,12.854,18.035,13.335,17.81,13.7 M17.915,10.865 c-3.223-1.914-8.54-2.09-11.618-1.156C5.804,9.859,5.281,9.58,5.131,9.086C4.982,8.591,5.26,8.069,5.755,7.919 c3.532-1.072,9.404-0.865,13.115,1.338c0.445,0.264,0.59,0.838,0.327,1.282C18.933,10.983,18.359,11.129,17.915,10.865\"><\/path><\/svg><span class=\"wp-block-social-link-label screen-reader-text\">Spotify<\/span><\/a><\/li>\n\n<li style=\"color: #000000; \" class=\"wp-social-link wp-social-link-facebook has-black-color wp-block-social-link\"><a rel=\"noopener nofollow\" target=\"_blank\" href=\"https:\/\/www.facebook.com\/thecuriouskind.band\" class=\"wp-block-social-link-anchor\"><svg width=\"24\" height=\"24\" viewBox=\"0 0 24 24\" version=\"1.1\" xmlns=\"http:\/\/www.w3.org\/2000\/svg\" aria-hidden=\"true\" focusable=\"false\"><path d=\"M12 2C6.5 2 2 6.5 2 12c0 5 3.7 9.1 8.4 9.9v-7H7.9V12h2.5V9.8c0-2.5 1.5-3.9 3.8-3.9 1.1 0 2.2.2 2.2.2v2.5h-1.3c-1.2 0-1.6.8-1.6 1.6V12h2.8l-.4 2.9h-2.3v7C18.3 21.1 22 17 22 12c0-5.5-4.5-10-10-10z\"><\/path><\/svg><span class=\"wp-block-social-link-label screen-reader-text\">Facebook<\/span><\/a><\/li>\n\n<li style=\"color: #000000; \" class=\"wp-social-link wp-social-link-bandcamp has-black-color wp-block-social-link\"><a rel=\"noopener nofollow\" target=\"_blank\" href=\"https:\/\/thecuriouskind.bandcamp.com\/\" class=\"wp-block-social-link-anchor\"><svg width=\"24\" height=\"24\" viewBox=\"0 0 24 24\" version=\"1.1\" xmlns=\"http:\/\/www.w3.org\/2000\/svg\" aria-hidden=\"true\" focusable=\"false\"><path d=\"M15.27 17.289 3 17.289 8.73 6.711 21 6.711 15.27 17.289\"><\/path><\/svg><span class=\"wp-block-social-link-label screen-reader-text\">Bandcamp<\/span><\/a><\/li>\n\n<li style=\"color: #000000; \" class=\"wp-social-link wp-social-link-tiktok has-black-color wp-block-social-link\"><a rel=\"noopener nofollow\" target=\"_blank\" href=\"https:\/\/www.tiktok.com\/@thecuriouskind.band\" class=\"wp-block-social-link-anchor\"><svg width=\"24\" height=\"24\" viewBox=\"0 0 32 32\" version=\"1.1\" xmlns=\"http:\/\/www.w3.org\/2000\/svg\" aria-hidden=\"true\" focusable=\"false\"><path d=\"M16.708 0.027c1.745-0.027 3.48-0.011 5.213-0.027 0.105 2.041 0.839 4.12 2.333 5.563 1.491 1.479 3.6 2.156 5.652 2.385v5.369c-1.923-0.063-3.855-0.463-5.6-1.291-0.76-0.344-1.468-0.787-2.161-1.24-0.009 3.896 0.016 7.787-0.025 11.667-0.104 1.864-0.719 3.719-1.803 5.255-1.744 2.557-4.771 4.224-7.88 4.276-1.907 0.109-3.812-0.411-5.437-1.369-2.693-1.588-4.588-4.495-4.864-7.615-0.032-0.667-0.043-1.333-0.016-1.984 0.24-2.537 1.495-4.964 3.443-6.615 2.208-1.923 5.301-2.839 8.197-2.297 0.027 1.975-0.052 3.948-0.052 5.923-1.323-0.428-2.869-0.308-4.025 0.495-0.844 0.547-1.485 1.385-1.819 2.333-0.276 0.676-0.197 1.427-0.181 2.145 0.317 2.188 2.421 4.027 4.667 3.828 1.489-0.016 2.916-0.88 3.692-2.145 0.251-0.443 0.532-0.896 0.547-1.417 0.131-2.385 0.079-4.76 0.095-7.145 0.011-5.375-0.016-10.735 0.025-16.093z\" \/><\/svg><span class=\"wp-block-social-link-label screen-reader-text\">TikTok<\/span><\/a><\/li>\n\n<li style=\"color: #000000; \" class=\"wp-social-link wp-social-link-instagram has-black-color wp-block-social-link\"><a rel=\"noopener nofollow\" target=\"_blank\" href=\"https:\/\/www.instagram.com\/thecuriouskind.band\/\" class=\"wp-block-social-link-anchor\"><svg width=\"24\" height=\"24\" viewBox=\"0 0 24 24\" version=\"1.1\" xmlns=\"http:\/\/www.w3.org\/2000\/svg\" aria-hidden=\"true\" focusable=\"false\"><path d=\"M12,4.622c2.403,0,2.688,0.009,3.637,0.052c0.877,0.04,1.354,0.187,1.671,0.31c0.42,0.163,0.72,0.358,1.035,0.673 c0.315,0.315,0.51,0.615,0.673,1.035c0.123,0.317,0.27,0.794,0.31,1.671c0.043,0.949,0.052,1.234,0.052,3.637 s-0.009,2.688-0.052,3.637c-0.04,0.877-0.187,1.354-0.31,1.671c-0.163,0.42-0.358,0.72-0.673,1.035 c-0.315,0.315-0.615,0.51-1.035,0.673c-0.317,0.123-0.794,0.27-1.671,0.31c-0.949,0.043-1.233,0.052-3.637,0.052 s-2.688-0.009-3.637-0.052c-0.877-0.04-1.354-0.187-1.671-0.31c-0.42-0.163-0.72-0.358-1.035-0.673 c-0.315-0.315-0.51-0.615-0.673-1.035c-0.123-0.317-0.27-0.794-0.31-1.671C4.631,14.688,4.622,14.403,4.622,12 s0.009-2.688,0.052-3.637c0.04-0.877,0.187-1.354,0.31-1.671c0.163-0.42,0.358-0.72,0.673-1.035 c0.315-0.315,0.615-0.51,1.035-0.673c0.317-0.123,0.794-0.27,1.671-0.31C9.312,4.631,9.597,4.622,12,4.622 M12,3 C9.556,3,9.249,3.01,8.289,3.054C7.331,3.098,6.677,3.25,6.105,3.472C5.513,3.702,5.011,4.01,4.511,4.511 c-0.5,0.5-0.808,1.002-1.038,1.594C3.25,6.677,3.098,7.331,3.054,8.289C3.01,9.249,3,9.556,3,12c0,2.444,0.01,2.751,0.054,3.711 c0.044,0.958,0.196,1.612,0.418,2.185c0.23,0.592,0.538,1.094,1.038,1.594c0.5,0.5,1.002,0.808,1.594,1.038 c0.572,0.222,1.227,0.375,2.185,0.418C9.249,20.99,9.556,21,12,21s2.751-0.01,3.711-0.054c0.958-0.044,1.612-0.196,2.185-0.418 c0.592-0.23,1.094-0.538,1.594-1.038c0.5-0.5,0.808-1.002,1.038-1.594c0.222-0.572,0.375-1.227,0.418-2.185 C20.99,14.751,21,14.444,21,12s-0.01-2.751-0.054-3.711c-0.044-0.958-0.196-1.612-0.418-2.185c-0.23-0.592-0.538-1.094-1.038-1.594 c-0.5-0.5-1.002-0.808-1.594-1.038c-0.572-0.222-1.227-0.375-2.185-0.418C14.751,3.01,14.444,3,12,3L12,3z M12,7.378 c-2.552,0-4.622,2.069-4.622,4.622S9.448,16.622,12,16.622s4.622-2.069,4.622-4.622S14.552,7.378,12,7.378z M12,15 c-1.657,0-3-1.343-3-3s1.343-3,3-3s3,1.343,3,3S13.657,15,12,15z M16.804,6.116c-0.596,0-1.08,0.484-1.08,1.08 s0.484,1.08,1.08,1.08c0.596,0,1.08-0.484,1.08-1.08S17.401,6.116,16.804,6.116z\"><\/path><\/svg><span class=\"wp-block-social-link-label screen-reader-text\">Instagram<\/span><\/a><\/li>\n\n<li style=\"color: #000000; \" class=\"wp-social-link wp-social-link-youtube has-black-color wp-block-social-link\"><a rel=\"noopener nofollow\" target=\"_blank\" href=\"https:\/\/www.youtube.com\/@thecuriouskindband\" class=\"wp-block-social-link-anchor\"><svg width=\"24\" height=\"24\" viewBox=\"0 0 24 24\" version=\"1.1\" xmlns=\"http:\/\/www.w3.org\/2000\/svg\" aria-hidden=\"true\" focusable=\"false\"><path d=\"M21.8,8.001c0,0-0.195-1.378-0.795-1.985c-0.76-0.797-1.613-0.801-2.004-0.847c-2.799-0.202-6.997-0.202-6.997-0.202 h-0.009c0,0-4.198,0-6.997,0.202C4.608,5.216,3.756,5.22,2.995,6.016C2.395,6.623,2.2,8.001,2.2,8.001S2,9.62,2,11.238v1.517 c0,1.618,0.2,3.237,0.2,3.237s0.195,1.378,0.795,1.985c0.761,0.797,1.76,0.771,2.205,0.855c1.6,0.153,6.8,0.201,6.8,0.201 s4.203-0.006,7.001-0.209c0.391-0.047,1.243-0.051,2.004-0.847c0.6-0.607,0.795-1.985,0.795-1.985s0.2-1.618,0.2-3.237v-1.517 C22,9.62,21.8,8.001,21.8,8.001z M9.935,14.594l-0.001-5.62l5.404,2.82L9.935,14.594z\"><\/path><\/svg><span class=\"wp-block-social-link-label screen-reader-text\">YouTube<\/span><\/a><\/li>\n\n<li style=\"color: #000000; \" class=\"wp-social-link wp-social-link-mail has-black-color wp-block-social-link\"><a rel=\"noopener nofollow\" target=\"_blank\" href=\"mailto:c&#111;nt&#097;c&#116;&#064;the&#099;&#117;r&#105;&#111;&#117;&#115;&#107;ind.&#098;a&#110;&#100;\" class=\"wp-block-social-link-anchor\"><svg width=\"24\" height=\"24\" viewBox=\"0 0 24 24\" version=\"1.1\" xmlns=\"http:\/\/www.w3.org\/2000\/svg\" aria-hidden=\"true\" focusable=\"false\"><path d=\"M19,5H5c-1.1,0-2,.9-2,2v10c0,1.1.9,2,2,2h14c1.1,0,2-.9,2-2V7c0-1.1-.9-2-2-2zm.5,12c0,.3-.2.5-.5.5H5c-.3,0-.5-.2-.5-.5V9.8l7.5,5.6,7.5-5.6V17zm0-9.1L12,13.6,4.5,7.9V7c0-.3.2-.5.5-.5h14c.3,0,.5.2.5.5v.9z\"><\/path><\/svg><span class=\"wp-block-social-link-label screen-reader-text\">Mail<\/span><\/a><\/li><\/ul>\n\n\n\n<div align=\"center\"><img loading=\"lazy\" decoding=\"async\" width=\"1024\" height=\"43\" src=\"http:\/\/thecuriouskind.band\/wp-content\/uploads\/2023\/12\/the_curious_kind-1024x43.png\" alt=\"\" class=\"wp-image-142\"\/ style=\"width: 75%; padding-top: 64px; padding-bottom: 32px;\" srcset=\"https:\/\/thecuriouskind.band\/wp-content\/uploads\/2023\/12\/the_curious_kind-1024x43.png 1024w, https:\/\/thecuriouskind.band\/wp-content\/uploads\/2023\/12\/the_curious_kind-300x13.png 300w, https:\/\/thecuriouskind.band\/wp-content\/uploads\/2023\/12\/the_curious_kind-768x32.png 768w, https:\/\/thecuriouskind.band\/wp-content\/uploads\/2023\/12\/the_curious_kind-1300x54.png 1300w, https:\/\/thecuriouskind.band\/wp-content\/uploads\/2023\/12\/the_curious_kind.png 1412w\" sizes=\"auto, (max-width: 1024px) 100vw, 1024px\" \/><\/div>\n\n\n\n<div style=\"width: 75%; text-align: center; display: block; margin-left: auto; margin-right: auto;\"><div id=\"metaslider-id-200\" style=\"width: 100%; margin: 0 auto;\" class=\"ml-slider-3-94-0 metaslider metaslider-flex metaslider-200 ml-slider ms-theme-default\" role=\"region\" aria-roledescription=\"Slideshow\" aria-label=\"New Slideshow\">\n    <div id=\"metaslider_container_200\">\n        <div id=\"metaslider_200\">\n            <ul class='slides'>\n                <li style=\"display: block; width: 100%;\" class=\"slide-298 ms-image \" aria-roledescription=\"slide\" aria-label=\"slide-298\"><img loading=\"lazy\" decoding=\"async\" src=\"https:\/\/thecuriouskind.band\/wp-content\/uploads\/2024\/07\/TCK_2024.jpg\" height=\"1080\" width=\"1920\" alt=\"\" class=\"slider-200 slide-298\" title=\"TCK_2024\" \/><\/li>\n                <li style=\"display: none; width: 100%;\" class=\"slide-302 ms-image \" aria-roledescription=\"slide\" aria-label=\"slide-302\"><img loading=\"lazy\" decoding=\"async\" src=\"https:\/\/thecuriouskind.band\/wp-content\/uploads\/2024\/07\/tck_koncert_24-01.jpg\" height=\"1080\" width=\"1920\" alt=\"\" class=\"slider-200 slide-302\" title=\"tck_koncert_24-01\" \/><\/li>\n                <li style=\"display: none; width: 100%;\" class=\"slide-303 ms-image \" aria-roledescription=\"slide\" aria-label=\"slide-303\"><img loading=\"lazy\" decoding=\"async\" src=\"https:\/\/thecuriouskind.band\/wp-content\/uploads\/2024\/07\/tck_koncert_24-02.jpg\" height=\"1080\" width=\"1920\" alt=\"\" class=\"slider-200 slide-303\" title=\"tck_koncert_24-02\" \/><\/li>\n                <li style=\"display: none; width: 100%;\" class=\"slide-201 ms-image \" aria-roledescription=\"slide\" aria-label=\"slide-201\"><img loading=\"lazy\" decoding=\"async\" src=\"https:\/\/thecuriouskind.band\/wp-content\/uploads\/2023\/12\/The-Curious-Kind-band-23Q4-16_9-1920x1080.jpg\" height=\"1080\" width=\"1920\" alt=\"\" class=\"slider-200 slide-201\" title=\"The-Curious-Kind-band-23Q4-16_9\" \/><\/li>\n                <li style=\"display: none; width: 100%;\" class=\"slide-202 ms-image \" aria-roledescription=\"slide\" aria-label=\"slide-202\"><img loading=\"lazy\" decoding=\"async\" src=\"https:\/\/thecuriouskind.band\/wp-content\/uploads\/2023\/12\/The-Curious-Kind-band-A.jpg\" height=\"1080\" width=\"1920\" alt=\"\" class=\"slider-200 slide-202\" title=\"The-Curious-Kind-band-A\" \/><\/li>\n                <li style=\"display: none; width: 100%;\" class=\"slide-203 ms-image \" aria-roledescription=\"slide\" aria-label=\"slide-203\"><img loading=\"lazy\" decoding=\"async\" src=\"https:\/\/thecuriouskind.band\/wp-content\/uploads\/2023\/12\/230301-Fekete-005-scaled-1920x1080.jpg\" height=\"1080\" width=\"1920\" alt=\"\" class=\"slider-200 slide-203\" title=\"230301-Fekete-005\" \/><\/li>\n            <\/ul>\n        <\/div>\n        \n    <\/div>\n<\/div><\/div>\n\n\n\n<p class=\"has-text-align-center\" style=\"padding-bottom: 32px;\"><em><strong>We are curious. Kind? Somewhat.<\/strong><\/em><\/p>\n\n\n\n<p style=\"width: 75%; display: block; margin-left: auto; margin-right: auto; align: justify; background-color: #111; opacity: 0.9; padding: 16px; border-radius:12px;\">The Curious Kind is a melodic prog-rock band with a keen eye for catchy hooks among unusual rhythms and soundscapes. Treat your ears to some epic highs and somber lows, hopeful wishes mixed with snarling examinations of humanity, society and ourselves. Their music is inspired by the likes of Tool, Muse, Faith No More, Karnivool and A Perfect Circle. TCK\u2019s songs have a unique atmosphere with symbolic lyrics, a visceral, elegant tone with a focus on complex but captivating melodies.<\/p>\n\n\n\n<div style=\"opacity: 0.9; width:75%; display: block; margin-left: auto; margin-right: auto; font-size: 0.5em;\"><a href=\"https:\/\/www.songkick.com\/artists\/10255248\" class=\"songkick-widget\" data-theme=\"dark\" data-track-button=\"off\" data-detect-style=\"off\" data-background-color=\"rgb(0,0,0,1)\" data-font-color=\"rgb(255,255,255,1)\" data-button-bg-color=\"rgb(255,255,255,1)\" data-button-text-color=\"rgb(0,0,0,1)\" data-locale=\"en\" data-other-artists=\"off\" data-share-button=\"off\" data-country-filter=\"off\" data-rsvp=\"off\" data-request-show=\"off\" data-past-events=\"off\" data-past-events-offtour=\"off\" data-remind-me=\"off\"><\/a><script src='\/\/widget-app.songkick.com\/injector\/10255248'><\/script><\/div>\n\n\n\n<center><div align=\"center\" style=\"width: 75%; padding-top: 64px; padding-bottom: 26px;\">\n<img decoding=\"async\" src=\"https:\/\/thecuriouskind.band\/wp-content\/uploads\/2024\/12\/live_studio_sessions-3.png\" height=\"67px\"><\/div>\n\n\n\n<div align=\"center\" style=\"padding-top: 0px; padding-bottom: 0px;\"><iframe style=\"width: 75%; aspect-ratio: 16 \/ 9;\" src=\"https:\/\/www.youtube.com\/embed\/videoseries?si=hQTGmMuoN8xu0FEf&amp;list=PLhH1IrI4KqnnM9cFym9ZFEPqrt-YHs7v7\" title=\"YouTube video player\" frameborder=\"0\" allow=\"accelerometer; autoplay; clipboard-write; encrypted-media; gyroscope; picture-in-picture; web-share\" referrerpolicy=\"strict-origin-when-cross-origin\" allowfullscreen><\/iframe><br><br>\n<iframe style=\"border-radius:12px;\" src=\"https:\/\/open.spotify.com\/embed\/album\/4xftQSmMg5yfvxRDLbRtfJ?utm_source=generator&#038;theme=0\" width=\"75%\" frameBorder=\"0\" allowfullscreen=\"\" allow=\"autoplay; clipboard-write; encrypted-media; fullscreen; picture-in-picture\" loading=\"lazy\"><\/iframe><\/div>\n\n\n\n<center><div align=\"center\" style=\"width: 75%; padding-top: 64px; padding-bottom: 26px;\">\n<img decoding=\"async\" src=\"https:\/\/thecuriouskind.band\/wp-content\/uploads\/2024\/12\/born_again.png\" height=\"67px\">\n<br><font color=\"#fff\" size=\"-1\">(single, dec. 4. 2023)<\/a><\/font><\/div>\n\n\n\n<div align=\"center\"><iframe style=\"width: 75%; aspect-ratio: 16 \/ 9;\" src=\"https:\/\/www.youtube.com\/embed\/uSxS-ql3weo\" title=\"YouTube video player\" frameborder=\"0\" allow=\"accelerometer; autoplay; clipboard-write; encrypted-media; gyroscope; picture-in-picture; web-share\" allowfullscreen=\"\"><\/iframe><br><br>\n<iframe style=\"border-radius:12px;\" src=\"https:\/\/open.spotify.com\/embed\/album\/47bL8YMAw0KjOoRo7X4VT7?utm_source=generator&#038;theme=0\" width=\"75%\" frameBorder=\"0\" allowfullscreen=\"\" allow=\"autoplay; clipboard-write; encrypted-media; fullscreen; picture-in-picture\" loading=\"lazy\"><\/iframe><\/div>\n<div style=\"width: 75%; margin-top: -64px; text-align: right;\"><a href=\"https:\/\/wmmd.lnk.to\/TheCuriousKind_BornAgain\" class=\"fancybox-iframe\"><img decoding=\"async\" src=\"https:\/\/thecuriouskind.band\/wp-content\/uploads\/2024\/12\/STREAM_MUSIC-5.png\" alt=\"\" style=\"height: 42px;\" class=\"wp-image-215\"\/><br><font color=\"#fff\" size=\"-1\">choose your platform<\/a><\/font><\/div>\n\n\n\n<center><div align=\"center\" style=\"width: 75%; padding-top: 64px; padding-bottom: 26px;\">\n<img decoding=\"async\" src=\"https:\/\/thecuriouskind.band\/wp-content\/uploads\/2024\/12\/here_in_the_deadlights.png\" height=\"67px\">\n<br><font color=\"#fff\" size=\"-1\">(EP, feb. 1. 2023)<\/a><\/font><\/div><center>\n\n\n\n<div align=\"center\"><iframe style=\"width: 75%; aspect-ratio: 16 \/ 9;\" src=\"https:\/\/www.youtube.com\/embed\/0Ewc6xKF4sA\" title=\"YouTube video player\" frameborder=\"0\" allow=\"accelerometer; autoplay; clipboard-write; encrypted-media; gyroscope; picture-in-picture; web-share\" allowfullscreen=\"\"><\/iframe><br><br>\n<iframe style=\"border-radius:12px;\" src=\"https:\/\/open.spotify.com\/embed\/album\/0dzLmkaz1h9ahnwf6iZzoz?utm_source=generator&#038;theme=0\" width=\"75%\" frameBorder=\"0\" allowfullscreen=\"\" allow=\"autoplay; clipboard-write; encrypted-media; fullscreen; picture-in-picture\" loading=\"lazy\"><\/iframe><\/div>\n<div style=\"width: 75%; margin-top: -64px; text-align: right;\"><a href=\"https:\/\/wmmd.lnk.to\/TheCuriousKind_HereInTheDeadlights\" class=\"fancybox-iframe\"><img decoding=\"async\" src=\"https:\/\/thecuriouskind.band\/wp-content\/uploads\/2024\/12\/STREAM_MUSIC-5.png\" alt=\"\" style=\"height: 42px;\" class=\"wp-image-215\"\/><br><font color=\"#fff\" size=\"-1\">choose your platform<\/a><\/font><\/div>\n","protected":false},"excerpt":{"rendered":"<p>We are curious. Kind? Somewhat. The Curious Kind is a melodic prog-rock band with a keen eye for catchy hooks among unusual rhythms and soundscapes. Treat your ears to some epic highs and somber lows, hopeful wishes mixed with snarling examinations of humanity, society and ourselves. Their music is inspired by the likes of Tool, [&hellip;]<\/p>\n","protected":false},"author":1,"featured_media":0,"parent":0,"menu_order":0,"comment_status":"closed","ping_status":"closed","template":"","meta":{"_monsterinsights_skip_tracking":false,"_monsterinsights_sitenote_active":false,"_monsterinsights_sitenote_note":"","_monsterinsights_sitenote_category":0,"footnotes":""},"class_list":["post-25","page","type-page","status-publish","hentry"],"yoast_head":"<!-- This site is optimized with the Yoast SEO plugin v24.1 - https:\/\/yoast.com\/wordpress\/plugins\/seo\/ -->\n<title>TCK - The Curious Kind<\/title>\n<meta name=\"description\" content=\"&quot;We are curious. Kind? Somewhat.&quot; Welcome to the official website of The Curious Kind.\" \/>\n<meta name=\"robots\" content=\"index, follow, max-snippet:-1, max-image-preview:large, max-video-preview:-1\" \/>\n<link rel=\"canonical\" href=\"https:\/\/thecuriouskind.band\/\" \/>\n<meta property=\"og:locale\" content=\"hu_HU\" \/>\n<meta property=\"og:type\" content=\"article\" \/>\n<meta property=\"og:title\" content=\"TCK - The Curious Kind\" \/>\n<meta property=\"og:description\" content=\"&quot;We are curious. Kind? Somewhat.&quot; Welcome to the official website of The Curious Kind.\" \/>\n<meta property=\"og:url\" content=\"https:\/\/thecuriouskind.band\/\" \/>\n<meta property=\"og:site_name\" content=\"The Curious Kind\" \/>\n<meta property=\"article:modified_time\" content=\"2025-03-14T20:55:30+00:00\" \/>\n<meta property=\"og:image\" content=\"https:\/\/thecuriouskind.band\/wp-content\/uploads\/2023\/12\/the_curious_kind.png\" \/>\n\t<meta property=\"og:image:width\" content=\"1412\" \/>\n\t<meta property=\"og:image:height\" content=\"59\" \/>\n\t<meta property=\"og:image:type\" content=\"image\/png\" \/>\n<meta name=\"twitter:card\" content=\"summary_large_image\" \/>\n<meta name=\"twitter:label1\" content=\"Becs\u00fclt olvas\u00e1si id\u0151\" \/>\n\t<meta name=\"twitter:data1\" content=\"2 perc\" \/>\n<script type=\"application\/ld+json\" class=\"yoast-schema-graph\">{\"@context\":\"https:\/\/schema.org\",\"@graph\":[{\"@type\":\"WebPage\",\"@id\":\"https:\/\/thecuriouskind.band\/\",\"url\":\"https:\/\/thecuriouskind.band\/\",\"name\":\"TCK - The Curious Kind\",\"isPartOf\":{\"@id\":\"https:\/\/thecuriouskind.band\/#website\"},\"primaryImageOfPage\":{\"@id\":\"https:\/\/thecuriouskind.band\/#primaryimage\"},\"image\":{\"@id\":\"https:\/\/thecuriouskind.band\/#primaryimage\"},\"thumbnailUrl\":\"http:\/\/thecuriouskind.band\/wp-content\/uploads\/2023\/12\/the_curious_kind-1024x43.png\",\"datePublished\":\"2021-10-27T10:00:54+00:00\",\"dateModified\":\"2025-03-14T20:55:30+00:00\",\"description\":\"\\\"We are curious. Kind? Somewhat.\\\" Welcome to the official website of The Curious Kind.\",\"breadcrumb\":{\"@id\":\"https:\/\/thecuriouskind.band\/#breadcrumb\"},\"inLanguage\":\"hu\",\"potentialAction\":[{\"@type\":\"ReadAction\",\"target\":[\"https:\/\/thecuriouskind.band\/\"]}]},{\"@type\":\"ImageObject\",\"inLanguage\":\"hu\",\"@id\":\"https:\/\/thecuriouskind.band\/#primaryimage\",\"url\":\"http:\/\/thecuriouskind.band\/wp-content\/uploads\/2023\/12\/the_curious_kind-1024x43.png\",\"contentUrl\":\"http:\/\/thecuriouskind.band\/wp-content\/uploads\/2023\/12\/the_curious_kind-1024x43.png\"},{\"@type\":\"BreadcrumbList\",\"@id\":\"https:\/\/thecuriouskind.band\/#breadcrumb\",\"itemListElement\":[{\"@type\":\"ListItem\",\"position\":1,\"name\":\"Home\",\"item\":\"https:\/\/thecuriouskind.band\/\"},{\"@type\":\"ListItem\",\"position\":2,\"name\":\"TCK\"}]},{\"@type\":\"WebSite\",\"@id\":\"https:\/\/thecuriouskind.band\/#website\",\"url\":\"https:\/\/thecuriouskind.band\/\",\"name\":\"The Curious Kind\",\"description\":\"\",\"potentialAction\":[{\"@type\":\"SearchAction\",\"target\":{\"@type\":\"EntryPoint\",\"urlTemplate\":\"https:\/\/thecuriouskind.band\/?s={search_term_string}\"},\"query-input\":{\"@type\":\"PropertyValueSpecification\",\"valueRequired\":true,\"valueName\":\"search_term_string\"}}],\"inLanguage\":\"hu\"}]}<\/script>\n<!-- \/ Yoast SEO plugin. -->","yoast_head_json":{"title":"TCK - The Curious Kind","description":"\"We are curious. Kind? Somewhat.\" Welcome to the official website of The Curious Kind.","robots":{"index":"index","follow":"follow","max-snippet":"max-snippet:-1","max-image-preview":"max-image-preview:large","max-video-preview":"max-video-preview:-1"},"canonical":"https:\/\/thecuriouskind.band\/","og_locale":"hu_HU","og_type":"article","og_title":"TCK - The Curious Kind","og_description":"\"We are curious. Kind? Somewhat.\" Welcome to the official website of The Curious Kind.","og_url":"https:\/\/thecuriouskind.band\/","og_site_name":"The Curious Kind","article_modified_time":"2025-03-14T20:55:30+00:00","og_image":[{"width":1412,"height":59,"url":"https:\/\/thecuriouskind.band\/wp-content\/uploads\/2023\/12\/the_curious_kind.png","type":"image\/png"}],"twitter_card":"summary_large_image","twitter_misc":{"Becs\u00fclt olvas\u00e1si id\u0151":"2 perc"},"schema":{"@context":"https:\/\/schema.org","@graph":[{"@type":"WebPage","@id":"https:\/\/thecuriouskind.band\/","url":"https:\/\/thecuriouskind.band\/","name":"TCK - The Curious Kind","isPartOf":{"@id":"https:\/\/thecuriouskind.band\/#website"},"primaryImageOfPage":{"@id":"https:\/\/thecuriouskind.band\/#primaryimage"},"image":{"@id":"https:\/\/thecuriouskind.band\/#primaryimage"},"thumbnailUrl":"http:\/\/thecuriouskind.band\/wp-content\/uploads\/2023\/12\/the_curious_kind-1024x43.png","datePublished":"2021-10-27T10:00:54+00:00","dateModified":"2025-03-14T20:55:30+00:00","description":"\"We are curious. Kind? Somewhat.\" Welcome to the official website of The Curious Kind.","breadcrumb":{"@id":"https:\/\/thecuriouskind.band\/#breadcrumb"},"inLanguage":"hu","potentialAction":[{"@type":"ReadAction","target":["https:\/\/thecuriouskind.band\/"]}]},{"@type":"ImageObject","inLanguage":"hu","@id":"https:\/\/thecuriouskind.band\/#primaryimage","url":"http:\/\/thecuriouskind.band\/wp-content\/uploads\/2023\/12\/the_curious_kind-1024x43.png","contentUrl":"http:\/\/thecuriouskind.band\/wp-content\/uploads\/2023\/12\/the_curious_kind-1024x43.png"},{"@type":"BreadcrumbList","@id":"https:\/\/thecuriouskind.band\/#breadcrumb","itemListElement":[{"@type":"ListItem","position":1,"name":"Home","item":"https:\/\/thecuriouskind.band\/"},{"@type":"ListItem","position":2,"name":"TCK"}]},{"@type":"WebSite","@id":"https:\/\/thecuriouskind.band\/#website","url":"https:\/\/thecuriouskind.band\/","name":"The Curious Kind","description":"","potentialAction":[{"@type":"SearchAction","target":{"@type":"EntryPoint","urlTemplate":"https:\/\/thecuriouskind.band\/?s={search_term_string}"},"query-input":{"@type":"PropertyValueSpecification","valueRequired":true,"valueName":"search_term_string"}}],"inLanguage":"hu"}]}},"_links":{"self":[{"href":"https:\/\/thecuriouskind.band\/index.php?rest_route=\/wp\/v2\/pages\/25","targetHints":{"allow":["GET"]}}],"collection":[{"href":"https:\/\/thecuriouskind.band\/index.php?rest_route=\/wp\/v2\/pages"}],"about":[{"href":"https:\/\/thecuriouskind.band\/index.php?rest_route=\/wp\/v2\/types\/page"}],"author":[{"embeddable":true,"href":"https:\/\/thecuriouskind.band\/index.php?rest_route=\/wp\/v2\/users\/1"}],"replies":[{"embeddable":true,"href":"https:\/\/thecuriouskind.band\/index.php?rest_route=%2Fwp%2Fv2%2Fcomments&post=25"}],"version-history":[{"count":6,"href":"https:\/\/thecuriouskind.band\/index.php?rest_route=\/wp\/v2\/pages\/25\/revisions"}],"predecessor-version":[{"id":479,"href":"https:\/\/thecuriouskind.band\/index.php?rest_route=\/wp\/v2\/pages\/25\/revisions\/479"}],"wp:attachment":[{"href":"https:\/\/thecuriouskind.band\/index.php?rest_route=%2Fwp%2Fv2%2Fmedia&parent=25"}],"curies":[{"name":"wp","href":"https:\/\/api.w.org\/{rel}","templated":true}]}}